{"id":18041,"date":"2023-05-05T14:58:39","date_gmt":"2023-05-05T17:58:39","guid":{"rendered":"https:\/\/argentinaphotoworkshops.com\/?page_id=18041"},"modified":"2026-04-02T06:44:49","modified_gmt":"2026-04-02T09:44:49","slug":"politica-cancelacion","status":"publish","type":"page","link":"https:\/\/argentinaphotoworkshops.com\/es\/politica-cancelacion\/","title":{"rendered":"Pol\u00edtica de cancelaci\u00f3n"},"content":{"rendered":"\t\t<div data-elementor-type=\"wp-page\" data-elementor-id=\"18041\" class=\"elementor elementor-18041 elementor-18037\" data-elementor-post-type=\"page\">\n\t\t\t\t<div class=\"elementor-element elementor-element-3f1d527 e-flex e-con-boxed e-con e-parent\" data-id=\"3f1d527\" data-element_type=\"container\" data-e-type=\"container\">\n\t\t\t\t\t<div class=\"e-con-inner\">\n\t\t<div class=\"elementor-element elementor-element-f3d33b1 e-con-full e-flex e-con e-child\" data-id=\"f3d33b1\" data-element_type=\"container\" data-e-type=\"container\">\n\t\t\t\t<\/div>\n\t\t<div class=\"elementor-element elementor-element-04cc459 e-flex e-con-boxed e-con e-child\" data-id=\"04cc459\" data-element_type=\"container\" data-e-type=\"container\">\n\t\t\t\t\t<div class=\"e-con-inner\">\n\t\t\t\t<div class=\"elementor-element elementor-element-5bf5b55 elementor-widget elementor-widget-heading\" data-id=\"5bf5b55\" data-element_type=\"widget\" data-e-type=\"widget\" data-widget_type=\"heading.default\">\n\t\t\t\t<div class=\"elementor-widget-container\">\n\t\t\t\t\t<h1 class=\"elementor-heading-title elementor-size-default\">Pol\u00edtica de cancelaci\u00f3n<\/h1>\t\t\t\t<\/div>\n\t\t\t\t<\/div>\n\t\t\t\t<div class=\"elementor-element elementor-element-acb943e elementor-widget-divider--view-line elementor-widget elementor-widget-divider\" data-id=\"acb943e\" data-element_type=\"widget\" data-e-type=\"widget\" data-widget_type=\"divider.default\">\n\t\t\t\t<div class=\"elementor-widget-container\">\n\t\t\t\t\t\t\t<div class=\"elementor-divider\">\n\t\t\t<span class=\"elementor-divider-separator\">\n\t\t\t\t\t\t<\/span>\n\t\t<\/div>\n\t\t\t\t\t\t<\/div>\n\t\t\t\t<\/div>\n\t\t\t\t<div class=\"elementor-element elementor-element-5ce9455 elementor-widget elementor-widget-text-editor\" data-id=\"5ce9455\" data-element_type=\"widget\" data-e-type=\"widget\" data-widget_type=\"text-editor.default\">\n\t\t\t\t<div class=\"elementor-widget-container\">\n\t\t\t\t\t\t\t\t\t<p>Para la cancelaci\u00f3n de un workshop, se requiere una notificaci\u00f3n por escrito. Env\u00ede su solicitud por correo electr\u00f3nico a <strong>info@argentinaphotoworkshops.com<\/strong>.<\/p><p>Somos conscientes del compromiso que supone asistir a nuestros workshops y nos esforzamos por adaptarnos a las circunstancias imprevistas.<\/p><p>Por favor, revise nuestra <strong>Pol\u00edtica de Cancelaci\u00f3n<\/strong> m\u00e1s abajo:<\/p>\t\t\t\t\t\t\t\t<\/div>\n\t\t\t\t<\/div>\n\t\t\t\t<div class=\"elementor-element elementor-element-6b6e613 elementor-widget elementor-widget-heading\" data-id=\"6b6e613\" data-element_type=\"widget\" data-e-type=\"widget\" data-widget_type=\"heading.default\">\n\t\t\t\t<div class=\"elementor-widget-container\">\n\t\t\t\t\t<h2 class=\"elementor-heading-title elementor-size-default\">Cancelaciones realizadas por el cliente<\/h2>\t\t\t\t<\/div>\n\t\t\t\t<\/div>\n\t\t\t\t<div class=\"elementor-element elementor-element-18460a5 elementor-widget elementor-widget-text-editor\" data-id=\"18460a5\" data-element_type=\"widget\" data-e-type=\"widget\" data-widget_type=\"text-editor.default\">\n\t\t\t\t<div class=\"elementor-widget-container\">\n\t\t\t\t\t\t\t\t\t<p>\u2022 Cancelaci\u00f3n realizada con <strong>m\u00e1s de 271 d\u00edas<\/strong> de antelaci\u00f3n a la fecha de inicio del workshop: devoluci\u00f3n del 20% de los pagos realizados.<\/p><p>\u2022 Cancelaci\u00f3n realizada con <strong>menos de 270 d\u00edas<\/strong> de antelaci\u00f3n a la fecha de inicio del workshop: no se reembolsar\u00e1n los pagos realizados.<\/p><p><span style=\"text-decoration: underline;\">Tenga en cuenta lo siguiente:<\/span><\/p><p>\u2022 En el caso en que usted <strong>no pueda concurrir<\/strong>, su saldo abonado quedara <strong>acreditado durante 1 ano<\/strong> (a partir de la fecha del viaje desistido) como parte del pago de un workshop a su elecci\u00f3n.<\/p><p>Si el monto fue abonado en pesos argentinos, quedara a favor el equivalente en d\u00f3lares americanos sujeto a la cotizaci\u00f3n del d\u00eda de la suspensi\u00f3n del viaje.<\/p>\t\t\t\t\t\t\t\t<\/div>\n\t\t\t\t<\/div>\n\t\t\t\t<div class=\"elementor-element elementor-element-fc87471 elementor-widget elementor-widget-heading\" data-id=\"fc87471\" data-element_type=\"widget\" data-e-type=\"widget\" data-widget_type=\"heading.default\">\n\t\t\t\t<div class=\"elementor-widget-container\">\n\t\t\t\t\t<h2 class=\"elementor-heading-title elementor-size-default\">Cancelaciones realizadas por Argentina Photo Workshops<\/h2>\t\t\t\t<\/div>\n\t\t\t\t<\/div>\n\t\t\t\t<div class=\"elementor-element elementor-element-f772b02 elementor-widget elementor-widget-text-editor\" data-id=\"f772b02\" data-element_type=\"widget\" data-e-type=\"widget\" data-widget_type=\"text-editor.default\">\n\t\t\t\t<div class=\"elementor-widget-container\">\n\t\t\t\t\t\t\t\t\t<p>\u2022 Se reembolsar\u00e1 la <strong>totalidad del importe<\/strong> depositado.<\/p>\t\t\t\t\t\t\t\t<\/div>\n\t\t\t\t<\/div>\n\t\t\t\t\t<\/div>\n\t\t\t\t<\/div>\n\t\t<div class=\"elementor-element elementor-element-fbdfc1e e-con-full e-flex e-con e-child\" data-id=\"fbdfc1e\" data-element_type=\"container\" data-e-type=\"container\">\n\t\t\t\t<\/div>\n\t\t\t\t\t<\/div>\n\t\t\t\t<\/div>\n\t\t\t\t<\/div>\n\t\t","protected":false},"excerpt":{"rendered":"<p>Pol\u00edtica de cancelaci\u00f3n Para la cancelaci\u00f3n de un workshop, se requiere una notificaci\u00f3n por escrito. Env\u00ede su solicitud por correo electr\u00f3nico a info@argentinaphotoworkshops.com. Somos conscientes del compromiso que supone asistir a nuestros workshops y nos esforzamos por adaptarnos a las circunstancias imprevistas. Por favor, revise nuestra Pol\u00edtica de Cancelaci\u00f3n m\u00e1s abajo: Cancelaciones realizadas por el [&hellip;]<\/p>\n","protected":false},"author":1,"featured_media":0,"parent":0,"menu_order":0,"comment_status":"closed","ping_status":"closed","template":"","meta":{"_lmt_disableupdate":"","_lmt_disable":"","site-sidebar-layout":"no-sidebar","site-content-layout":"page-builder","ast-site-content-layout":"default","site-content-style":"default","site-sidebar-style":"default","ast-global-header-display":"","ast-banner-title-visibility":"","ast-main-header-display":"","ast-hfb-above-header-display":"","ast-hfb-below-header-display":"","ast-hfb-mobile-header-display":"","site-post-title":"disabled","ast-breadcrumbs-content":"","ast-featured-img":"disabled","footer-sml-layout":"","ast-disable-related-posts":"","theme-transparent-header-meta":"default","adv-header-id-meta":"","stick-header-meta":"","header-above-stick-meta":"","header-main-stick-meta":"","header-below-stick-meta":"","astra-migrate-meta-layouts":"default","ast-page-background-enabled":"default","ast-page-background-meta":{"desktop":{"background-color":"","background-image":"","background-repeat":"repeat","background-position":"center center","background-size":"auto","background-attachment":"scroll","background-type":"","background-media":"","overlay-type":"","overlay-color":"","overlay-opacity":"","overlay-gradient":""},"tablet":{"background-color":"","background-image":"","background-repeat":"repeat","background-position":"center center","background-size":"auto","background-attachment":"scroll","background-type":"","background-media":"","overlay-type":"","overlay-color":"","overlay-opacity":"","overlay-gradient":""},"mobile":{"background-color":"","background-image":"","background-repeat":"repeat","background-position":"center center","background-size":"auto","background-attachment":"scroll","background-type":"","background-media":"","overlay-type":"","overlay-color":"","overlay-opacity":"","overlay-gradient":""}},"ast-content-background-meta":{"desktop":{"background-color":"var(--ast-global-color-5)","background-image":"","background-repeat":"repeat","background-position":"center center","background-size":"auto","background-attachment":"scroll","background-type":"","background-media":"","overlay-type":"","overlay-color":"","overlay-opacity":"","overlay-gradient":""},"tablet":{"background-color":"var(--ast-global-color-5)","background-image":"","background-repeat":"repeat","background-position":"center center","background-size":"auto","background-attachment":"scroll","background-type":"","background-media":"","overlay-type":"","overlay-color":"","overlay-opacity":"","overlay-gradient":""},"mobile":{"background-color":"var(--ast-global-color-5)","background-image":"","background-repeat":"repeat","background-position":"center center","background-size":"auto","background-attachment":"scroll","background-type":"","background-media":"","overlay-type":"","overlay-color":"","overlay-opacity":"","overlay-gradient":""}},"footnotes":""},"class_list":["post-18041","page","type-page","status-publish","hentry"],"_links":{"self":[{"href":"https:\/\/argentinaphotoworkshops.com\/es\/wp-json\/wp\/v2\/pages\/18041","targetHints":{"allow":["GET"]}}],"collection":[{"href":"https:\/\/argentinaphotoworkshops.com\/es\/wp-json\/wp\/v2\/pages"}],"about":[{"href":"https:\/\/argentinaphotoworkshops.com\/es\/wp-json\/wp\/v2\/types\/page"}],"author":[{"embeddable":true,"href":"https:\/\/argentinaphotoworkshops.com\/es\/wp-json\/wp\/v2\/users\/1"}],"replies":[{"embeddable":true,"href":"https:\/\/argentinaphotoworkshops.com\/es\/wp-json\/wp\/v2\/comments?post=18041"}],"version-history":[{"count":3,"href":"https:\/\/argentinaphotoworkshops.com\/es\/wp-json\/wp\/v2\/pages\/18041\/revisions"}],"predecessor-version":[{"id":34051,"href":"https:\/\/argentinaphotoworkshops.com\/es\/wp-json\/wp\/v2\/pages\/18041\/revisions\/34051"}],"wp:attachment":[{"href":"https:\/\/argentinaphotoworkshops.com\/es\/wp-json\/wp\/v2\/media?parent=18041"}],"curies":[{"name":"wp","href":"https:\/\/api.w.org\/{rel}","templated":true}]}}