{"id":3047,"date":"2020-11-20T13:13:23","date_gmt":"2020-11-20T16:13:23","guid":{"rendered":"https:\/\/argentinaphotoworkshops.com\/?page_id=3047"},"modified":"2024-05-27T11:44:49","modified_gmt":"2024-05-27T14:44:49","slug":"terminos-condiciones","status":"publish","type":"page","link":"https:\/\/argentinaphotoworkshops.com\/es\/terminos-condiciones\/","title":{"rendered":"T\u00e9rminos y Condiciones"},"content":{"rendered":"\t\t<div data-elementor-type=\"wp-post\" data-elementor-id=\"3047\" class=\"elementor elementor-3047 elementor-822\" data-elementor-post-type=\"page\">\n\t\t\t\t<div class=\"elementor-element elementor-element-0d527d3 e-flex e-con-boxed e-con e-parent\" data-id=\"0d527d3\" data-element_type=\"container\" data-e-type=\"container\">\n\t\t\t\t\t<div class=\"e-con-inner\">\n\t\t<div class=\"elementor-element elementor-element-8da0138 e-con-full e-flex e-con e-child\" data-id=\"8da0138\" data-element_type=\"container\" data-e-type=\"container\">\n\t\t\t\t<\/div>\n\t\t<div class=\"elementor-element elementor-element-483c939 e-con-full e-flex e-con e-child\" data-id=\"483c939\" data-element_type=\"container\" data-e-type=\"container\">\n\t\t\t\t<div class=\"elementor-element elementor-element-09c3919 elementor-widget elementor-widget-heading\" data-id=\"09c3919\" data-element_type=\"widget\" data-e-type=\"widget\" data-widget_type=\"heading.default\">\n\t\t\t\t<div class=\"elementor-widget-container\">\n\t\t\t\t\t<h1 class=\"elementor-heading-title elementor-size-default\">T\u00e9rminos y condiciones<\/h1>\t\t\t\t<\/div>\n\t\t\t\t<\/div>\n\t\t\t\t<div class=\"elementor-element elementor-element-aa3563d elementor-widget-divider--view-line elementor-widget elementor-widget-divider\" data-id=\"aa3563d\" data-element_type=\"widget\" data-e-type=\"widget\" data-widget_type=\"divider.default\">\n\t\t\t\t<div class=\"elementor-widget-container\">\n\t\t\t\t\t\t\t<div class=\"elementor-divider\">\n\t\t\t<span class=\"elementor-divider-separator\">\n\t\t\t\t\t\t<\/span>\n\t\t<\/div>\n\t\t\t\t\t\t<\/div>\n\t\t\t\t<\/div>\n\t\t\t\t<div class=\"elementor-element elementor-element-b2a01a2 elementor-widget elementor-widget-spacer\" data-id=\"b2a01a2\" data-element_type=\"widget\" data-e-type=\"widget\" data-widget_type=\"spacer.default\">\n\t\t\t\t<div class=\"elementor-widget-container\">\n\t\t\t\t\t\t\t<div class=\"elementor-spacer\">\n\t\t\t<div class=\"elementor-spacer-inner\"><\/div>\n\t\t<\/div>\n\t\t\t\t\t\t<\/div>\n\t\t\t\t<\/div>\n\t\t\t\t<div class=\"elementor-element elementor-element-59cb6a8 elementor-widget elementor-widget-heading\" data-id=\"59cb6a8\" data-element_type=\"widget\" data-e-type=\"widget\" data-widget_type=\"heading.default\">\n\t\t\t\t<div class=\"elementor-widget-container\">\n\t\t\t\t\t<h2 class=\"elementor-heading-title elementor-size-default\">Responsabilidad<\/h2>\t\t\t\t<\/div>\n\t\t\t\t<\/div>\n\t\t\t\t<div class=\"elementor-element elementor-element-e874ce0 elementor-widget elementor-widget-text-editor\" data-id=\"e874ce0\" data-element_type=\"widget\" data-e-type=\"widget\" data-widget_type=\"text-editor.default\">\n\t\t\t\t<div class=\"elementor-widget-container\">\n\t\t\t\t\t\t\t\t\t<p>Argentina Photo Workshops cuenta con gu\u00edas profesionales, instructores y operadores tur\u00edsticos calificados para organizar las actividades. Los operadores tur\u00edsticos designados, a su vez, act\u00faan \u00fanicamente como agentes de cualquier transportista, hotel, operador terrestre u otros proveedores de servicios relacionados con estos tours (\u00abotros proveedores\u00bb), y los otros proveedores son los \u00fanicos responsables y obligados a prestar sus respectivos servicios. Los billetes de pasajero utilizados por los transportistas constituir\u00e1n el \u00fanico contrato entre \u00e9stos y el pasajero; los transportistas no ser\u00e1n responsables de ning\u00fan acto, omisi\u00f3n o acontecimiento durante el tiempo en que los participantes no se encuentren a bordo de sus medios de transporte.<\/p><p>Argentina Photo Workshops y su(s) operador(es) tur\u00edstico(s) y administrador(es) tur\u00edstico(s) designado(s) no ser\u00e1(n) responsable(s) de ning\u00fan da\u00f1o o p\u00e9rdida de propiedad o lesi\u00f3n o muerte de personas ocasionados directa o indirectamente por un acto u omisi\u00f3n de cualquier otro proveedor, incluyendo pero no limitado a cualquier defecto en cualquier aeronave, embarcaci\u00f3n o veh\u00edculo operado o proporcionado por dicho otro proveedor; y cualquier p\u00e9rdida o da\u00f1o debido a demora, cancelaci\u00f3n o interrupci\u00f3n de cualquier manera causada por las leyes, reglamentos, actos u omisiones, demandas, \u00f3rdenes o interposiciones de cualquier gobierno o cualquier subdivisi\u00f3n o agente del mismo, o por casos fortuitos, huelgas, incendios, inundaciones, guerra, rebeli\u00f3n, terrorismo, insurrecci\u00f3n, enfermedad, cuarentena, epidemias, pandemias, robo o cualquier otra causa(s) fuera de su control. El participante renuncia a cualquier reclamo contra Argentina Photo Workshops y\/o su(s) operador(es) tur\u00edstico(s) designado(s) y administrador(es) del tour por cualquiera de dichas p\u00e9rdidas, da\u00f1os, lesiones o muerte.<\/p><p>Al inscribirse en un tour\/workshop\/viaje fotogr\u00e1fico, privado o en grupo, el participante certifica que no padece ninguna enfermedad o discapacidad mental, f\u00edsica o de otro tipo que pueda suponer un peligro para s\u00ed mismo o para los dem\u00e1s participantes; y que es consciente de los riesgos asociados creados por los lugares, las actividades y las condiciones meteorol\u00f3gicas; que se comprometen a seguir las instrucciones de los instructores, en particular en materia de seguridad personal y del grupo, incluyendo, entre otras cosas, la importancia de la hidrataci\u00f3n, la necesidad de tentempi\u00e9s nutritivos, el mal de altura, el agotamiento, la prohibici\u00f3n de dejar rastro, la protecci\u00f3n solar, la protecci\u00f3n contra los insectos, el peligro de los salientes, el equilibrio, la seguridad de los veh\u00edculos, las embarcaciones, los globos aerost\u00e1ticos, los helic\u00f3pteros, las embarcaciones y los transbordadores, la seguridad basada en el sentido com\u00fan, el respeto a los dem\u00e1s, etc.<\/p><p>Argentina Photo Workshops y su(s) operador(es) tur\u00edstico(s) designado(s) se reservan el derecho, a su sola discreci\u00f3n, de aceptar, rechazar o retirar a cualquier participante de un tour\/workshop\/viaje fotogr\u00e1fico.<\/p><p>Argentina Photo Workshops y el\/los operador(es) tur\u00edstico(s) se reservan el derecho, sin penalidad alguna, de hacer cambios en el itinerario publicado cuando, a su juicio, las condiciones lo ameriten o si lo consideran necesario para la comodidad, conveniencia o seguridad de los participantes.<\/p><p>Ni Argentina Photo Workshops, ni su(s) operador(es) tur\u00edstico(s) designado(s), ni su(s) administrador(es) del tour ser\u00e1n responsables por la penalidad de cancelaci\u00f3n de cualquier aerol\u00ednea incurrida por la compra de un pasaje no reembolsable hacia o desde la ciudad de partida del tour\/taller fotogr\u00e1fico del participante. El equipaje y los efectos personales son, en todo momento, responsabilidad exclusiva del participante.<\/p>\t\t\t\t\t\t\t\t<\/div>\n\t\t\t\t<\/div>\n\t\t\t\t<div class=\"elementor-element elementor-element-a18fcf5 elementor-widget elementor-widget-heading\" data-id=\"a18fcf5\" data-element_type=\"widget\" data-e-type=\"widget\" data-widget_type=\"heading.default\">\n\t\t\t\t<div class=\"elementor-widget-container\">\n\t\t\t\t\t<h2 class=\"elementor-heading-title elementor-size-default\">Informaci\u00f3n y Copyright<\/h2>\t\t\t\t<\/div>\n\t\t\t\t<\/div>\n\t\t\t\t<div class=\"elementor-element elementor-element-4525af4 elementor-widget elementor-widget-text-editor\" data-id=\"4525af4\" data-element_type=\"widget\" data-e-type=\"widget\" data-widget_type=\"text-editor.default\">\n\t\t\t\t<div class=\"elementor-widget-container\">\n\t\t\t\t\t\t\t\t\t<p>Toda la informaci\u00f3n en este sitio web es publicada seg\u00fan nuestro mejor conocimiento y se proporciona s\u00f3lo con fines informativos. Al acceder o utilizar esta informaci\u00f3n y cualquier servicio o asesoramiento, el usuario reconoce que lo hace bajo su propio riesgo y no har\u00e1 responsable a Argentina Photo Workshops de ninguna p\u00e9rdida y\/o da\u00f1o en relaci\u00f3n con el uso de esta informaci\u00f3n, servicios o asesoramiento.<\/p><p>Este contenido no se puede copiar, reproducir, descargar, publicar, emitir, transmitir, poner a disposici\u00f3n del p\u00fablico, siendo el mismo de propiedad de Argentina Photo Workshops (incluyendo texto, im\u00e1genes, videos, URLs, informaci\u00f3n de precios, etc.).<\/p><p>Cualquier uso comercial del contenido mencionado anteriormente requiere el permiso previo por escrito de Argentina Photo Workshops.<\/p>\t\t\t\t\t\t\t\t<\/div>\n\t\t\t\t<\/div>\n\t\t\t\t<div class=\"elementor-element elementor-element-475de9e elementor-widget elementor-widget-heading\" data-id=\"475de9e\" data-element_type=\"widget\" data-e-type=\"widget\" data-widget_type=\"heading.default\">\n\t\t\t\t<div class=\"elementor-widget-container\">\n\t\t\t\t\t<h2 class=\"elementor-heading-title elementor-size-default\">Seguro m\u00e9dico y de viaje<\/h2>\t\t\t\t<\/div>\n\t\t\t\t<\/div>\n\t\t\t\t<div class=\"elementor-element elementor-element-909c487 elementor-widget elementor-widget-text-editor\" data-id=\"909c487\" data-element_type=\"widget\" data-e-type=\"widget\" data-widget_type=\"text-editor.default\">\n\t\t\t\t<div class=\"elementor-widget-container\">\n\t\t\t\t\t\t\t\t\t<p>Se recomienda vivamente contratar un seguro de viaje.<\/p><p>El seguro <strong>no est\u00e1 incluido en nuestra propuesta<\/strong> y es responsabilidad de cada participante.<\/p><p>El seguro de viaje debe cubrir las p\u00e9rdidas sufridas en caso de cancelaci\u00f3n e interrupci\u00f3n del viaje, retraso del viaje, p\u00e9rdida de equipaje y documentos de viaje, retraso del equipaje, urgencias m\u00e9dicas y muerte accidental.<\/p>\t\t\t\t\t\t\t\t<\/div>\n\t\t\t\t<\/div>\n\t\t\t\t<div class=\"elementor-element elementor-element-c87fd80 elementor-widget elementor-widget-heading\" data-id=\"c87fd80\" data-element_type=\"widget\" data-e-type=\"widget\" data-widget_type=\"heading.default\">\n\t\t\t\t<div class=\"elementor-widget-container\">\n\t\t\t\t\t<h2 class=\"elementor-heading-title elementor-size-default\">Itinerarios<\/h2>\t\t\t\t<\/div>\n\t\t\t\t<\/div>\n\t\t\t\t<div class=\"elementor-element elementor-element-88ca497 elementor-widget elementor-widget-text-editor\" data-id=\"88ca497\" data-element_type=\"widget\" data-e-type=\"widget\" data-widget_type=\"text-editor.default\">\n\t\t\t\t<div class=\"elementor-widget-container\">\n\t\t\t\t\t\t\t\t\t<p>Los itinerarios publicados en nuestra p\u00e1gina y en nuestros PDF\/brochures son indicativos. El gu\u00eda se reserva el <strong>derecho a<\/strong> <strong>realizar cambios sin previo aviso<\/strong>, que pueden depender de diversos factores\/acontecimientos como clima, geograf\u00eda, protestas, emergencias m\u00e9dicas, etc.<\/p><p>Los cambios tienen por objeto garantizar la seguridad de los viajeros y el \u00e9xito del viaje, tratando siempre de mantener (si es posible) las actividades propuestas.<\/p>\t\t\t\t\t\t\t\t<\/div>\n\t\t\t\t<\/div>\n\t\t\t\t<div class=\"elementor-element elementor-element-7637e97 elementor-widget elementor-widget-heading\" data-id=\"7637e97\" data-element_type=\"widget\" data-e-type=\"widget\" data-widget_type=\"heading.default\">\n\t\t\t\t<div class=\"elementor-widget-container\">\n\t\t\t\t\t<h2 class=\"elementor-heading-title elementor-size-default\">Liberaci\u00f3n de im\u00e1genes personales<\/h2>\t\t\t\t<\/div>\n\t\t\t\t<\/div>\n\t\t\t\t<div class=\"elementor-element elementor-element-90303c9 elementor-widget elementor-widget-text-editor\" data-id=\"90303c9\" data-element_type=\"widget\" data-e-type=\"widget\" data-widget_type=\"text-editor.default\">\n\t\t\t\t<div class=\"elementor-widget-container\">\n\t\t\t\t\t\t\t\t\t<p>Argentina Photo Workshops y los fot\u00f3grafos l\u00edderes designados se reservan el <strong>derecho de tomar fotograf\u00edas o v\u00eddeos<\/strong> durante el desarrollo de cualquier viaje fotogr\u00e1fico o parte del mismo y de utilizar la fotograf\u00eda, los v\u00eddeos o las grabaciones resultantes para uso promocional o comercial.<\/p><p>Al hacer una reserva con Argentina Photo Workshops, el participante se compromete a permitir que su imagen sea utilizada por Argentina Photo Workshops, sin compensaci\u00f3n para el participante. Si el participante prefiere que su imagen no sea utilizada, deber\u00e1 notificarlo por escrito antes de comenzar el viaje.<\/p>\t\t\t\t\t\t\t\t<\/div>\n\t\t\t\t<\/div>\n\t\t\t\t<div class=\"elementor-element elementor-element-78203b5 elementor-widget elementor-widget-heading\" data-id=\"78203b5\" data-element_type=\"widget\" data-e-type=\"widget\" data-widget_type=\"heading.default\">\n\t\t\t\t<div class=\"elementor-widget-container\">\n\t\t\t\t\t<h2 class=\"elementor-heading-title elementor-size-default\">Liberaci\u00f3n de material fotogr\u00e1fico voluntario<\/h2>\t\t\t\t<\/div>\n\t\t\t\t<\/div>\n\t\t\t\t<div class=\"elementor-element elementor-element-757c113 elementor-widget elementor-widget-text-editor\" data-id=\"757c113\" data-element_type=\"widget\" data-e-type=\"widget\" data-widget_type=\"text-editor.default\">\n\t\t\t\t<div class=\"elementor-widget-container\">\n\t\t\t\t\t\t\t\t\t<p>Los derechos de autor de todas las fotograf\u00edas, v\u00eddeos y materiales conexos (en adelante denominados \u00abMaterial del viaje fotogr\u00e1fico\u00bb) creados por el participante pertenecer\u00e1n al participante en el momento de su creaci\u00f3n.<\/p><p>El participante otorga a Argentina Photo Workshops una licencia no exclusiva, mundial e irrevocable para utilizar cualquier material del viaje fotogr\u00e1fico que se proporcione voluntariamente en cualquier medio de comunicaci\u00f3n para los siguientes fines: uso editorial, promoci\u00f3n de este uso editorial, publicidad y promoci\u00f3n de los viajes fotogr\u00e1ficos \/ workshop de fotograf\u00eda de viajes o promoci\u00f3n por parte de los fot\u00f3grafos l\u00edderes en representaci\u00f3n de Argentina Photo Workshops.<\/p>\t\t\t\t\t\t\t\t<\/div>\n\t\t\t\t<\/div>\n\t\t\t\t<div class=\"elementor-element elementor-element-3d73bc6 elementor-widget elementor-widget-heading\" data-id=\"3d73bc6\" data-element_type=\"widget\" data-e-type=\"widget\" data-widget_type=\"heading.default\">\n\t\t\t\t<div class=\"elementor-widget-container\">\n\t\t\t\t\t<h2 class=\"elementor-heading-title elementor-size-default\">Fot\u00f3grafos l\u00edderes<\/h2>\t\t\t\t<\/div>\n\t\t\t\t<\/div>\n\t\t\t\t<div class=\"elementor-element elementor-element-397b6ce elementor-widget elementor-widget-text-editor\" data-id=\"397b6ce\" data-element_type=\"widget\" data-e-type=\"widget\" data-widget_type=\"text-editor.default\">\n\t\t\t\t<div class=\"elementor-widget-container\">\n\t\t\t\t\t\t\t\t\t<p>Los fot\u00f3grafos l\u00edderes son profesionales locales reconocidos a nivel nacional e internacional. Cada uno, a su manera, tiene la capacidad de transmitir su pasi\u00f3n y conocimiento por la fotograf\u00eda.<\/p>\n<p>Durante el workshop, las instrucciones se llevan a cabo usando t\u00e9cnicas de caminar y hablar. El fot\u00f3grafo l\u00edder siempre estar\u00e1 a completa disposici\u00f3n del participante.<\/p>\t\t\t\t\t\t\t\t<\/div>\n\t\t\t\t<\/div>\n\t\t\t\t<\/div>\n\t\t<div class=\"elementor-element elementor-element-1d35e83 e-con-full e-flex e-con e-child\" data-id=\"1d35e83\" data-element_type=\"container\" data-e-type=\"container\">\n\t\t\t\t<\/div>\n\t\t\t\t\t<\/div>\n\t\t\t\t<\/div>\n\t\t\t\t<\/div>\n\t\t","protected":false},"excerpt":{"rendered":"<p>T\u00e9rminos y condiciones Responsabilidad Argentina Photo Workshops cuenta con gu\u00edas profesionales, instructores y operadores tur\u00edsticos calificados para organizar las actividades. Los operadores tur\u00edsticos designados, a su vez, act\u00faan \u00fanicamente como agentes de cualquier transportista, hotel, operador terrestre u otros proveedores de servicios relacionados con estos tours (\u00abotros proveedores\u00bb), y los otros proveedores son los \u00fanicos [&hellip;]<\/p>\n","protected":false},"author":1,"featured_media":0,"parent":0,"menu_order":0,"comment_status":"closed","ping_status":"closed","template":"","meta":{"_lmt_disableupdate":"","_lmt_disable":"","site-sidebar-layout":"no-sidebar","site-content-layout":"page-builder","ast-site-content-layout":"default","site-content-style":"default","site-sidebar-style":"default","ast-global-header-display":"","ast-banner-title-visibility":"","ast-main-header-display":"","ast-hfb-above-header-display":"","ast-hfb-below-header-display":"","ast-hfb-mobile-header-display":"","site-post-title":"disabled","ast-breadcrumbs-content":"","ast-featured-img":"disabled","footer-sml-layout":"","ast-disable-related-posts":"","theme-transparent-header-meta":"default","adv-header-id-meta":"","stick-header-meta":"","header-above-stick-meta":"","header-main-stick-meta":"","header-below-stick-meta":"","astra-migrate-meta-layouts":"default","ast-page-background-enabled":"default","ast-page-background-meta":{"desktop":{"background-color":"","background-image":"","background-repeat":"repeat","background-position":"center center","background-size":"auto","background-attachment":"scroll","background-type":"","background-media":"","overlay-type":"","overlay-color":"","overlay-opacity":"","overlay-gradient":""},"tablet":{"background-color":"","background-image":"","background-repeat":"repeat","background-position":"center center","background-size":"auto","background-attachment":"scroll","background-type":"","background-media":"","overlay-type":"","overlay-color":"","overlay-opacity":"","overlay-gradient":""},"mobile":{"background-color":"","background-image":"","background-repeat":"repeat","background-position":"center center","background-size":"auto","background-attachment":"scroll","background-type":"","background-media":"","overlay-type":"","overlay-color":"","overlay-opacity":"","overlay-gradient":""}},"ast-content-background-meta":{"desktop":{"background-color":"var(--ast-global-color-5)","background-image":"","background-repeat":"repeat","background-position":"center center","background-size":"auto","background-attachment":"scroll","background-type":"","background-media":"","overlay-type":"","overlay-color":"","overlay-opacity":"","overlay-gradient":""},"tablet":{"background-color":"var(--ast-global-color-5)","background-image":"","background-repeat":"repeat","background-position":"center center","background-size":"auto","background-attachment":"scroll","background-type":"","background-media":"","overlay-type":"","overlay-color":"","overlay-opacity":"","overlay-gradient":""},"mobile":{"background-color":"var(--ast-global-color-5)","background-image":"","background-repeat":"repeat","background-position":"center center","background-size":"auto","background-attachment":"scroll","background-type":"","background-media":"","overlay-type":"","overlay-color":"","overlay-opacity":"","overlay-gradient":""}},"footnotes":""},"class_list":["post-3047","page","type-page","status-publish","hentry"],"_links":{"self":[{"href":"https:\/\/argentinaphotoworkshops.com\/es\/wp-json\/wp\/v2\/pages\/3047","targetHints":{"allow":["GET"]}}],"collection":[{"href":"https:\/\/argentinaphotoworkshops.com\/es\/wp-json\/wp\/v2\/pages"}],"about":[{"href":"https:\/\/argentinaphotoworkshops.com\/es\/wp-json\/wp\/v2\/types\/page"}],"author":[{"embeddable":true,"href":"https:\/\/argentinaphotoworkshops.com\/es\/wp-json\/wp\/v2\/users\/1"}],"replies":[{"embeddable":true,"href":"https:\/\/argentinaphotoworkshops.com\/es\/wp-json\/wp\/v2\/comments?post=3047"}],"version-history":[{"count":0,"href":"https:\/\/argentinaphotoworkshops.com\/es\/wp-json\/wp\/v2\/pages\/3047\/revisions"}],"wp:attachment":[{"href":"https:\/\/argentinaphotoworkshops.com\/es\/wp-json\/wp\/v2\/media?parent=3047"}],"curies":[{"name":"wp","href":"https:\/\/api.w.org\/{rel}","templated":true}]}}