{"id":3054,"date":"2020-11-20T15:18:04","date_gmt":"2020-11-20T18:18:04","guid":{"rendered":"https:\/\/argentinaphotoworkshops.com\/?page_id=3054"},"modified":"2025-02-17T09:39:06","modified_gmt":"2025-02-17T12:39:06","slug":"copyright-policy","status":"publish","type":"page","link":"https:\/\/argentinaphotoworkshops.com\/es\/copyright-policy\/","title":{"rendered":"Pol\u00edtica de copyright"},"content":{"rendered":"\t\t<div data-elementor-type=\"wp-page\" data-elementor-id=\"3054\" class=\"elementor elementor-3054 elementor-834\" data-elementor-post-type=\"page\">\n\t\t\t\t<div class=\"elementor-element elementor-element-4bec9b9 e-flex e-con-boxed e-con e-parent\" data-id=\"4bec9b9\" data-element_type=\"container\" data-e-type=\"container\">\n\t\t\t\t\t<div class=\"e-con-inner\">\n\t\t<div class=\"elementor-element elementor-element-2a1a7cf e-con-full e-flex e-con e-child\" data-id=\"2a1a7cf\" data-element_type=\"container\" data-e-type=\"container\">\n\t\t\t\t<\/div>\n\t\t<div class=\"elementor-element elementor-element-fc74f13 e-con-full e-flex e-con e-child\" data-id=\"fc74f13\" data-element_type=\"container\" data-e-type=\"container\">\n\t\t\t\t<div class=\"elementor-element elementor-element-3e2819d elementor-widget elementor-widget-heading\" data-id=\"3e2819d\" data-element_type=\"widget\" data-e-type=\"widget\" data-widget_type=\"heading.default\">\n\t\t\t\t<div class=\"elementor-widget-container\">\n\t\t\t\t\t<h1 class=\"elementor-heading-title elementor-size-default\">Pol\u00edtica de copyright<\/h1>\t\t\t\t<\/div>\n\t\t\t\t<\/div>\n\t\t\t\t<div class=\"elementor-element elementor-element-2a4ae1d elementor-widget-divider--view-line elementor-widget elementor-widget-divider\" data-id=\"2a4ae1d\" data-element_type=\"widget\" data-e-type=\"widget\" data-widget_type=\"divider.default\">\n\t\t\t\t<div class=\"elementor-widget-container\">\n\t\t\t\t\t\t\t<div class=\"elementor-divider\">\n\t\t\t<span class=\"elementor-divider-separator\">\n\t\t\t\t\t\t<\/span>\n\t\t<\/div>\n\t\t\t\t\t\t<\/div>\n\t\t\t\t<\/div>\n\t\t\t\t<div class=\"elementor-element elementor-element-0aa36fb elementor-widget elementor-widget-heading\" data-id=\"0aa36fb\" data-element_type=\"widget\" data-e-type=\"widget\" data-widget_type=\"heading.default\">\n\t\t\t\t<div class=\"elementor-widget-container\">\n\t\t\t\t\t<h2 class=\"elementor-heading-title elementor-size-default\">1. Introducci\u00f3n<\/h2>\t\t\t\t<\/div>\n\t\t\t\t<\/div>\n\t\t\t\t<div class=\"elementor-element elementor-element-f9baf81 elementor-widget elementor-widget-text-editor\" data-id=\"f9baf81\" data-element_type=\"widget\" data-e-type=\"widget\" data-widget_type=\"text-editor.default\">\n\t\t\t\t<div class=\"elementor-widget-container\">\n\t\t\t\t\t\t\t\t\t<p>Argentina Photo Workshops (\u00abEmpresa\u00bb, \u00abnosotros\u00bb, \u00abnuestro\u00bb o \u00abnos\u00bb) se compromete a proteger los derechos de propiedad intelectual de nuestros fot\u00f3grafos y a garantizar el uso adecuado de todos los contenidos visuales. Esta Pol\u00edtica de Derechos de Autor describe la propiedad, los usos permitidos y las restricciones relativas a las im\u00e1genes producidas y distribuidas por nuestra agencia.<\/p>\t\t\t\t\t\t\t\t<\/div>\n\t\t\t\t<\/div>\n\t\t\t\t<div class=\"elementor-element elementor-element-f63b060 elementor-widget elementor-widget-heading\" data-id=\"f63b060\" data-element_type=\"widget\" data-e-type=\"widget\" data-widget_type=\"heading.default\">\n\t\t\t\t<div class=\"elementor-widget-container\">\n\t\t\t\t\t<h2 class=\"elementor-heading-title elementor-size-default\">2. Propiedad intelectual<\/h2>\t\t\t\t<\/div>\n\t\t\t\t<\/div>\n\t\t\t\t<div class=\"elementor-element elementor-element-846ecf9 elementor-widget elementor-widget-text-editor\" data-id=\"846ecf9\" data-element_type=\"widget\" data-e-type=\"widget\" data-widget_type=\"text-editor.default\">\n\t\t\t\t<div class=\"elementor-widget-container\">\n\t\t\t\t\t\t\t\t\t<p>Todas las fotograf\u00edas, videos e im\u00e1genes digitales creadas por o en nombre de Argentina Photo Workshops son propiedad exclusiva de la empresa y\/o de los respectivos fot\u00f3grafos que nos han licenciado su trabajo. Estas obras est\u00e1n protegidas por la ley argentina de derechos de autor (Ley N\u00ba 11.723) y los acuerdos internacionales de derechos de autor.<\/p>\t\t\t\t\t\t\t\t<\/div>\n\t\t\t\t<\/div>\n\t\t\t\t<div class=\"elementor-element elementor-element-1b9416d elementor-widget elementor-widget-heading\" data-id=\"1b9416d\" data-element_type=\"widget\" data-e-type=\"widget\" data-widget_type=\"heading.default\">\n\t\t\t\t<div class=\"elementor-widget-container\">\n\t\t\t\t\t<h2 class=\"elementor-heading-title elementor-size-default\">3. Usos permitidos<\/h2>\t\t\t\t<\/div>\n\t\t\t\t<\/div>\n\t\t\t\t<div class=\"elementor-element elementor-element-f16d94d elementor-widget elementor-widget-text-editor\" data-id=\"f16d94d\" data-element_type=\"widget\" data-e-type=\"widget\" data-widget_type=\"text-editor.default\">\n\t\t\t\t<div class=\"elementor-widget-container\">\n\t\t\t\t\t\t\t\t\t<p>Los clientes y terceros pueden utilizar nuestras im\u00e1genes bajo las siguientes condiciones:<\/p><ul><li>Con permiso expl\u00edcito por escrito o un acuerdo de licencia emitido por Argentina Photo Workshops.<\/li><li>Bajo los t\u00e9rminos especificados en una licencia adquirida (por ejemplo, libre de regal\u00edas, derechos gestionados).<\/li><li>Para fines personales, editoriales, comerciales u otros fines espec\u00edficos, seg\u00fan lo acordado en el contrato de licencia.<\/li><\/ul>\t\t\t\t\t\t\t\t<\/div>\n\t\t\t\t<\/div>\n\t\t\t\t<div class=\"elementor-element elementor-element-1b2af63 elementor-widget elementor-widget-heading\" data-id=\"1b2af63\" data-element_type=\"widget\" data-e-type=\"widget\" data-widget_type=\"heading.default\">\n\t\t\t\t<div class=\"elementor-widget-container\">\n\t\t\t\t\t<h2 class=\"elementor-heading-title elementor-size-default\">4. Usos prohibidos<\/h2>\t\t\t\t<\/div>\n\t\t\t\t<\/div>\n\t\t\t\t<div class=\"elementor-element elementor-element-99e2479 elementor-widget elementor-widget-text-editor\" data-id=\"99e2479\" data-element_type=\"widget\" data-e-type=\"widget\" data-widget_type=\"text-editor.default\">\n\t\t\t\t<div class=\"elementor-widget-container\">\n\t\t\t\t\t\t\t\t\t<p>Sin el consentimiento previo por escrito, las siguientes acciones est\u00e1n estrictamente prohibidas:<\/p><ul><li>Copiar, reproducir o distribuir nuestras im\u00e1genes con fines comerciales sin autorizaci\u00f3n.<\/li><li>Modificar, alterar o crear obras derivadas sin la debida autorizaci\u00f3n.<\/li><li>Vender, sublicenciar o transferir los derechos de imagen a terceros.<\/li><li>Utilizar las im\u00e1genes de forma difamatoria, ilegal o enga\u00f1osa.<\/li><li>Eliminar o alterar marcas de agua o metadatos de derechos de autor.<\/li><\/ul>\t\t\t\t\t\t\t\t<\/div>\n\t\t\t\t<\/div>\n\t\t\t\t<div class=\"elementor-element elementor-element-7ac4fb4 elementor-widget elementor-widget-heading\" data-id=\"7ac4fb4\" data-element_type=\"widget\" data-e-type=\"widget\" data-widget_type=\"heading.default\">\n\t\t\t\t<div class=\"elementor-widget-container\">\n\t\t\t\t\t<h2 class=\"elementor-heading-title elementor-size-default\">5. Licencias y tarifas<\/h2>\t\t\t\t<\/div>\n\t\t\t\t<\/div>\n\t\t\t\t<div class=\"elementor-element elementor-element-18afc34 elementor-widget elementor-widget-text-editor\" data-id=\"18afc34\" data-element_type=\"widget\" data-e-type=\"widget\" data-widget_type=\"text-editor.default\">\n\t\t\t\t<div class=\"elementor-widget-container\">\n\t\t\t\t\t\t\t\t\t<p>Todas las licencias de im\u00e1genes est\u00e1n sujetas a tarifas basadas en el uso, la distribuci\u00f3n y la duraci\u00f3n previstos. Los clientes deben cumplir las condiciones establecidas en el acuerdo de licencia espec\u00edfico que adquieran. El uso no autorizado puede dar lugar a acciones legales y sanciones econ\u00f3micas.<\/p>\t\t\t\t\t\t\t\t<\/div>\n\t\t\t\t<\/div>\n\t\t\t\t<div class=\"elementor-element elementor-element-b4b4973 elementor-widget elementor-widget-heading\" data-id=\"b4b4973\" data-element_type=\"widget\" data-e-type=\"widget\" data-widget_type=\"heading.default\">\n\t\t\t\t<div class=\"elementor-widget-container\">\n\t\t\t\t\t<h2 class=\"elementor-heading-title elementor-size-default\">6. Infracci\u00f3n de los derechos de autor<\/h2>\t\t\t\t<\/div>\n\t\t\t\t<\/div>\n\t\t\t\t<div class=\"elementor-element elementor-element-ba4199d elementor-widget elementor-widget-text-editor\" data-id=\"ba4199d\" data-element_type=\"widget\" data-e-type=\"widget\" data-widget_type=\"text-editor.default\">\n\t\t\t\t<div class=\"elementor-widget-container\">\n\t\t\t\t\t\t\t\t\t<p>Argentina Photo Workshops vigila activamente el uso no autorizado de sus im\u00e1genes. Si se detecta una infracci\u00f3n de los derechos de autor, nos reservamos el derecho de emprender acciones legales, incluyendo la emisi\u00f3n de avisos de cese y desistimiento, la b\u00fasqueda de una compensaci\u00f3n econ\u00f3mica y la interposici\u00f3n de acciones judiciales en virtud de la legislaci\u00f3n argentina e internacional sobre derechos de autor.<\/p>\t\t\t\t\t\t\t\t<\/div>\n\t\t\t\t<\/div>\n\t\t\t\t<div class=\"elementor-element elementor-element-f8ffb9e elementor-widget elementor-widget-heading\" data-id=\"f8ffb9e\" data-element_type=\"widget\" data-e-type=\"widget\" data-widget_type=\"heading.default\">\n\t\t\t\t<div class=\"elementor-widget-container\">\n\t\t\t\t\t<h2 class=\"elementor-heading-title elementor-size-default\">7. Notificaci\u00f3n de infracciones de los derechos de autor<\/h2>\t\t\t\t<\/div>\n\t\t\t\t<\/div>\n\t\t\t\t<div class=\"elementor-element elementor-element-6b2a7de elementor-widget elementor-widget-text-editor\" data-id=\"6b2a7de\" data-element_type=\"widget\" data-e-type=\"widget\" data-widget_type=\"text-editor.default\">\n\t\t\t\t<div class=\"elementor-widget-container\">\n\t\t\t\t\t\t\t\t\t<p>Si cree que alguna de nuestras im\u00e1genes se ha utilizado sin la debida autorizaci\u00f3n, p\u00f3ngase en contacto con nosotros en:<\/p><p><strong>Correo electr\u00f3nico:<\/strong> info@argentinaphotoworkshops.com<br \/><strong>Direcci\u00f3n:<\/strong> Buenos Aires, Argentina<\/p>\t\t\t\t\t\t\t\t<\/div>\n\t\t\t\t<\/div>\n\t\t\t\t<div class=\"elementor-element elementor-element-27e1e16 elementor-widget elementor-widget-heading\" data-id=\"27e1e16\" data-element_type=\"widget\" data-e-type=\"widget\" data-widget_type=\"heading.default\">\n\t\t\t\t<div class=\"elementor-widget-container\">\n\t\t\t\t\t<h2 class=\"elementor-heading-title elementor-size-default\">8. Enmiendas<\/h2>\t\t\t\t<\/div>\n\t\t\t\t<\/div>\n\t\t\t\t<div class=\"elementor-element elementor-element-9ec6f9f elementor-widget elementor-widget-text-editor\" data-id=\"9ec6f9f\" data-element_type=\"widget\" data-e-type=\"widget\" data-widget_type=\"text-editor.default\">\n\t\t\t\t<div class=\"elementor-widget-container\">\n\t\t\t\t\t\t\t\t\t<p>Argentina Photo Workshops se reserva el derecho de actualizar o modificar esta Pol\u00edtica de Derechos de Autor en cualquier momento. Los cambios entrar\u00e1n en vigor en el momento de su publicaci\u00f3n en nuestro sitio web u otros canales de comunicaci\u00f3n oficiales.<\/p><p>Para m\u00e1s informaci\u00f3n sobre derechos de autor y licencias, p\u00f3ngase en contacto con nosotros en info@argentinaphotoworkshops.com.<\/p>\t\t\t\t\t\t\t\t<\/div>\n\t\t\t\t<\/div>\n\t\t\t\t<\/div>\n\t\t<div class=\"elementor-element elementor-element-d644f27 e-con-full e-flex e-con e-child\" data-id=\"d644f27\" data-element_type=\"container\" data-e-type=\"container\">\n\t\t\t\t<\/div>\n\t\t\t\t\t<\/div>\n\t\t\t\t<\/div>\n\t\t\t\t<\/div>\n\t\t","protected":false},"excerpt":{"rendered":"<p>Pol\u00edtica de copyright 1. Introducci\u00f3n Argentina Photo Workshops (\u00abEmpresa\u00bb, \u00abnosotros\u00bb, \u00abnuestro\u00bb o \u00abnos\u00bb) se compromete a proteger los derechos de propiedad intelectual de nuestros fot\u00f3grafos y a garantizar el uso adecuado de todos los contenidos visuales. Esta Pol\u00edtica de Derechos de Autor describe la propiedad, los usos permitidos y las restricciones relativas a las im\u00e1genes [&hellip;]<\/p>\n","protected":false},"author":1,"featured_media":0,"parent":0,"menu_order":0,"comment_status":"closed","ping_status":"closed","template":"","meta":{"_lmt_disableupdate":"","_lmt_disable":"","site-sidebar-layout":"no-sidebar","site-content-layout":"page-builder","ast-site-content-layout":"full-width-container","site-content-style":"unboxed","site-sidebar-style":"unboxed","ast-global-header-display":"","ast-banner-title-visibility":"","ast-main-header-display":"","ast-hfb-above-header-display":"","ast-hfb-below-header-display":"","ast-hfb-mobile-header-display":"","site-post-title":"disabled","ast-breadcrumbs-content":"","ast-featured-img":"disabled","footer-sml-layout":"","ast-disable-related-posts":"","theme-transparent-header-meta":"default","adv-header-id-meta":"","stick-header-meta":"","header-above-stick-meta":"","header-main-stick-meta":"","header-below-stick-meta":"","astra-migrate-meta-layouts":"set","ast-page-background-enabled":"default","ast-page-background-meta":{"desktop":{"background-color":"","background-image":"","background-repeat":"repeat","background-position":"center center","background-size":"auto","background-attachment":"scroll","background-type":"","background-media":"","overlay-type":"","overlay-color":"","overlay-opacity":"","overlay-gradient":""},"tablet":{"background-color":"","background-image":"","background-repeat":"repeat","background-position":"center center","background-size":"auto","background-attachment":"scroll","background-type":"","background-media":"","overlay-type":"","overlay-color":"","overlay-opacity":"","overlay-gradient":""},"mobile":{"background-color":"","background-image":"","background-repeat":"repeat","background-position":"center center","background-size":"auto","background-attachment":"scroll","background-type":"","background-media":"","overlay-type":"","overlay-color":"","overlay-opacity":"","overlay-gradient":""}},"ast-content-background-meta":{"desktop":{"background-color":"var(--ast-global-color-5)","background-image":"","background-repeat":"repeat","background-position":"center center","background-size":"auto","background-attachment":"scroll","background-type":"","background-media":"","overlay-type":"","overlay-color":"","overlay-opacity":"","overlay-gradient":""},"tablet":{"background-color":"var(--ast-global-color-5)","background-image":"","background-repeat":"repeat","background-position":"center center","background-size":"auto","background-attachment":"scroll","background-type":"","background-media":"","overlay-type":"","overlay-color":"","overlay-opacity":"","overlay-gradient":""},"mobile":{"background-color":"var(--ast-global-color-5)","background-image":"","background-repeat":"repeat","background-position":"center center","background-size":"auto","background-attachment":"scroll","background-type":"","background-media":"","overlay-type":"","overlay-color":"","overlay-opacity":"","overlay-gradient":""}},"footnotes":""},"class_list":["post-3054","page","type-page","status-publish","hentry"],"_links":{"self":[{"href":"https:\/\/argentinaphotoworkshops.com\/es\/wp-json\/wp\/v2\/pages\/3054","targetHints":{"allow":["GET"]}}],"collection":[{"href":"https:\/\/argentinaphotoworkshops.com\/es\/wp-json\/wp\/v2\/pages"}],"about":[{"href":"https:\/\/argentinaphotoworkshops.com\/es\/wp-json\/wp\/v2\/types\/page"}],"author":[{"embeddable":true,"href":"https:\/\/argentinaphotoworkshops.com\/es\/wp-json\/wp\/v2\/users\/1"}],"replies":[{"embeddable":true,"href":"https:\/\/argentinaphotoworkshops.com\/es\/wp-json\/wp\/v2\/comments?post=3054"}],"version-history":[{"count":0,"href":"https:\/\/argentinaphotoworkshops.com\/es\/wp-json\/wp\/v2\/pages\/3054\/revisions"}],"wp:attachment":[{"href":"https:\/\/argentinaphotoworkshops.com\/es\/wp-json\/wp\/v2\/media?parent=3054"}],"curies":[{"name":"wp","href":"https:\/\/api.w.org\/{rel}","templated":true}]}}