{"id":3072,"date":"2020-11-20T17:39:42","date_gmt":"2020-11-20T20:39:42","guid":{"rendered":"https:\/\/argentinaphotoworkshops.com\/?page_id=3072"},"modified":"2025-08-27T08:09:07","modified_gmt":"2025-08-27T11:09:07","slug":"reserva-viaje","status":"publish","type":"page","link":"https:\/\/argentinaphotoworkshops.com\/es\/reserva-viaje\/","title":{"rendered":"Reservar un viaje fotogr\u00e1fico"},"content":{"rendered":"\t\t<div data-elementor-type=\"wp-post\" data-elementor-id=\"3072\" class=\"elementor elementor-3072 elementor-1584\" data-elementor-post-type=\"page\">\n\t\t\t\t<div class=\"elementor-element elementor-element-f186e5d e-flex e-con-boxed e-con e-parent\" data-id=\"f186e5d\" data-element_type=\"container\" data-e-type=\"container\">\n\t\t\t\t\t<div class=\"e-con-inner\">\n\t\t<div class=\"elementor-element elementor-element-f3d4c01 e-con-full e-flex e-con e-child\" data-id=\"f3d4c01\" data-element_type=\"container\" data-e-type=\"container\">\n\t\t\t\t<div class=\"elementor-element elementor-element-fde45bf elementor-invisible elementor-widget elementor-widget-heading\" data-id=\"fde45bf\" data-element_type=\"widget\" data-e-type=\"widget\" data-settings=\"{&quot;_animation&quot;:&quot;bounce&quot;}\" data-widget_type=\"heading.default\">\n\t\t\t\t<div class=\"elementor-widget-container\">\n\t\t\t\t\t<h1 class=\"elementor-heading-title elementor-size-default\">Reserva uno de nuestros tours \/ workshops<\/h1>\t\t\t\t<\/div>\n\t\t\t\t<\/div>\n\t\t<div class=\"elementor-element elementor-element-9f827f2 e-con-full e-flex e-con e-child\" data-id=\"9f827f2\" data-element_type=\"container\" data-e-type=\"container\">\n\t\t<div class=\"elementor-element elementor-element-0fb1b4d e-con-full e-flex e-con e-child\" data-id=\"0fb1b4d\" data-element_type=\"container\" data-e-type=\"container\">\n\t\t\t\t<div class=\"elementor-element elementor-element-090ccf3 elementor-widget elementor-widget-image\" data-id=\"090ccf3\" data-element_type=\"widget\" data-e-type=\"widget\" data-widget_type=\"image.default\">\n\t\t\t\t<div class=\"elementor-widget-container\">\n\t\t\t\t\t\t\t\t\t\t\t\t\t\t\t<img fetchpriority=\"high\" decoding=\"async\" width=\"1300\" height=\"401\" src=\"https:\/\/argentinaphotoworkshops.com\/wp-content\/uploads\/2024\/09\/argentina-photo-workshops.jpg\" class=\"attachment-full size-full wp-image-27147\" alt=\"reserve a photography workshop\" srcset=\"https:\/\/argentinaphotoworkshops.com\/wp-content\/uploads\/2024\/09\/argentina-photo-workshops.jpg 1300w, https:\/\/argentinaphotoworkshops.com\/wp-content\/uploads\/2024\/09\/argentina-photo-workshops-800x247.jpg 800w, https:\/\/argentinaphotoworkshops.com\/wp-content\/uploads\/2024\/09\/argentina-photo-workshops-1200x370.jpg 1200w, https:\/\/argentinaphotoworkshops.com\/wp-content\/uploads\/2024\/09\/argentina-photo-workshops-768x237.jpg 768w\" sizes=\"(max-width: 1300px) 100vw, 1300px\" \/>\t\t\t\t\t\t\t\t\t\t\t\t\t\t\t<\/div>\n\t\t\t\t<\/div>\n\t\t\t\t<\/div>\n\t\t<div class=\"elementor-element elementor-element-eb3161d e-con-full e-flex e-con e-child\" data-id=\"eb3161d\" data-element_type=\"container\" data-e-type=\"container\">\n\t\t\t\t<\/div>\n\t\t\t\t<\/div>\n\t\t\t\t<div class=\"elementor-element elementor-element-6edbd51 elementor-widget elementor-widget-text-editor\" data-id=\"6edbd51\" data-element_type=\"widget\" data-e-type=\"widget\" data-widget_type=\"text-editor.default\">\n\t\t\t\t<div class=\"elementor-widget-container\">\n\t\t\t\t\t\t\t\t\t<div class=\"elementor-element elementor-element-99c535a elementor-widget elementor-widget-text-editor\" data-id=\"99c535a\" data-element_type=\"widget\" data-widget_type=\"text-editor.default\"><div class=\"elementor-widget-container\"><div class=\"elementor-text-editor elementor-clearfix\"><p>Realiza los siguientes pasos para reservar.<\/p><p><strong>M\u00e1s de 1 participante?<\/strong> Cada uno deber\u00e1 rellenar y <strong>enviar el formulario por separado<\/strong>.<\/p><\/div><\/div><\/div><div class=\"elementor-element elementor-element-50baf21 elementor-widget elementor-widget-text-editor\" data-id=\"50baf21\" data-element_type=\"widget\" data-widget_type=\"text-editor.default\"><div class=\"elementor-widget-container\"><div class=\"elementor-text-editor elementor-clearfix\"><p><strong>1.<\/strong> Completa el formulario debajo con tus datos y preferencias:<\/p><\/div><ul><li>Tu nombre completo, domicilio y DNI, informaci\u00f3n de contacto y el workshop al que deseas suscribirte.<\/li><li>En qu\u00e9 tipo de habitaci\u00f3n deseas alojarte (Simple, Doble, Compartida, etc.).\u00a0 Tal vez viajas solo y te gustar\u00eda compartir una habitaci\u00f3n, de ser as\u00ed, haremos todo lo posible por acomodarte a tu gusto.<\/li><li>Preferencias alimentarias, intolerancias o alergias.<\/li><\/ul><\/div><\/div><div class=\"elementor-element elementor-element-722ad3d elementor-widget elementor-widget-text-editor\" data-id=\"722ad3d\" data-element_type=\"widget\" data-widget_type=\"text-editor.default\"><div class=\"elementor-widget-container\"><div class=\"elementor-text-editor elementor-clearfix\"><p><strong>2.<\/strong> Una vez recibido el formulario, te enviaremos la informaci\u00f3n para el pago del dep\u00f3sito (50% del total), que se realiza por PayPal \/ WeTravel \/ transferencia \/ efectivo (consultar otros modos de pago).<\/p><\/div><\/div><\/div><div class=\"elementor-element elementor-element-ec32b54 elementor-widget elementor-widget-text-editor\" data-id=\"ec32b54\" data-element_type=\"widget\" data-widget_type=\"text-editor.default\"><div class=\"elementor-widget-container\"><div class=\"elementor-text-editor elementor-clearfix\"><p><strong>3.<\/strong> Te enviaremos un correo electr\u00f3nico para confirmar la recepci\u00f3n del dep\u00f3sito.<\/p><p><strong>IMPORTANTE<\/strong>\u00a0<\/p><\/div><div class=\"elementor-text-editor elementor-clearfix\"><p>Si necesitas ayuda para coordinar otros servicios: vuelo, transporte de ida y vuelta al inicio del tour\/workshop, noches extras o seguro de viaje. Quedamos a disposici\u00f3n para asistirte.<\/p><\/div><\/div><\/div>\t\t\t\t\t\t\t\t<\/div>\n\t\t\t\t<\/div>\n\t\t\t\t<div class=\"elementor-element elementor-element-9c1d943 elementor-button-align-start elementor-mobile-button-align-start elementor-widget elementor-widget-form\" data-id=\"9c1d943\" data-element_type=\"widget\" data-e-type=\"widget\" data-settings=\"{&quot;step_next_label&quot;:&quot;Next&quot;,&quot;step_previous_label&quot;:&quot;Previous&quot;,&quot;button_width&quot;:&quot;100&quot;,&quot;step_type&quot;:&quot;number_text&quot;,&quot;step_icon_shape&quot;:&quot;circle&quot;}\" data-widget_type=\"form.default\">\n\t\t\t\t<div class=\"elementor-widget-container\">\n\t\t\t\t\t\t\t<form class=\"elementor-form\" method=\"post\" name=\"Reserva de viaje\" aria-label=\"Reserva de viaje\">\n\t\t\t<input type=\"hidden\" name=\"post_id\" value=\"3072\"\/>\n\t\t\t<input type=\"hidden\" name=\"form_id\" value=\"9c1d943\"\/>\n\t\t\t<input type=\"hidden\" name=\"referer_title\" value=\"Reservar un viaje fotogr\u00e1fico - Argentina Photo Workshops\" \/>\n\n\t\t\t\t\t\t\t<input type=\"hidden\" name=\"queried_id\" value=\"3072\"\/>\n\t\t\t\n\t\t\t<div class=\"elementor-form-fields-wrapper elementor-labels-above\">\n\t\t\t\t\t\t\t\t<div class=\"elementor-field-type-email elementor-field-group elementor-column elementor-field-group-email elementor-col-100 elementor-field-required elementor-mark-required\">\n\t\t\t\t\t\t\t\t\t\t\t\t<label for=\"form-field-email\" class=\"elementor-field-label\">\n\t\t\t\t\t\t\t\tTu E-Mail\t\t\t\t\t\t\t<\/label>\n\t\t\t\t\t\t\t\t\t\t\t\t\t\t<input size=\"1\" type=\"email\" name=\"form_fields[email]\" id=\"form-field-email\" class=\"elementor-field elementor-size-sm  elementor-field-textual\" required=\"required\">\n\t\t\t\t\t\t\t\t\t\t\t<\/div>\n\t\t\t\t\t\t\t\t<div class=\"elementor-field-type-text elementor-field-group elementor-column elementor-field-group-name elementor-col-50 elementor-field-required elementor-mark-required\">\n\t\t\t\t\t\t\t\t\t\t\t\t<label for=\"form-field-name\" class=\"elementor-field-label\">\n\t\t\t\t\t\t\t\tNombre\t\t\t\t\t\t\t<\/label>\n\t\t\t\t\t\t\t\t\t\t\t\t\t\t<input size=\"1\" type=\"text\" name=\"form_fields[name]\" id=\"form-field-name\" class=\"elementor-field elementor-size-sm  elementor-field-textual\" required=\"required\">\n\t\t\t\t\t\t\t\t\t\t\t<\/div>\n\t\t\t\t\t\t\t\t<div class=\"elementor-field-type-text elementor-field-group elementor-column elementor-field-group-04fbb9f elementor-col-50 elementor-field-required elementor-mark-required\">\n\t\t\t\t\t\t\t\t\t\t\t\t<label for=\"form-field-04fbb9f\" class=\"elementor-field-label\">\n\t\t\t\t\t\t\t\tApellido\t\t\t\t\t\t\t<\/label>\n\t\t\t\t\t\t\t\t\t\t\t\t\t\t<input size=\"1\" type=\"text\" name=\"form_fields[04fbb9f]\" id=\"form-field-04fbb9f\" class=\"elementor-field elementor-size-sm  elementor-field-textual\" required=\"required\">\n\t\t\t\t\t\t\t\t\t\t\t<\/div>\n\t\t\t\t\t\t\t\t<div class=\"elementor-field-type-text elementor-field-group elementor-column elementor-field-group-field_efca385 elementor-col-100 elementor-field-required elementor-mark-required\">\n\t\t\t\t\t\t\t\t\t\t\t\t<label for=\"form-field-field_efca385\" class=\"elementor-field-label\">\n\t\t\t\t\t\t\t\tDomicilio y pa\u00eds de residencia\t\t\t\t\t\t\t<\/label>\n\t\t\t\t\t\t\t\t\t\t\t\t\t\t<input size=\"1\" type=\"text\" name=\"form_fields[field_efca385]\" id=\"form-field-field_efca385\" class=\"elementor-field elementor-size-sm  elementor-field-textual\" placeholder=\"Calle, n\u00famero, ciudad, c\u00f3digo postal y pa\u00eds\" required=\"required\">\n\t\t\t\t\t\t\t\t\t\t\t<\/div>\n\t\t\t\t\t\t\t\t<div class=\"elementor-field-type-select elementor-field-group elementor-column elementor-field-group-field_548c415 elementor-col-50 elementor-field-required elementor-mark-required\">\n\t\t\t\t\t\t\t\t\t\t\t\t<label for=\"form-field-field_548c415\" class=\"elementor-field-label\">\n\t\t\t\t\t\t\t\tTipo de documento\t\t\t\t\t\t\t<\/label>\n\t\t\t\t\t\t\t\t<div class=\"elementor-field elementor-select-wrapper remove-before \">\n\t\t\t<div class=\"select-caret-down-wrapper\">\n\t\t\t\t<svg aria-hidden=\"true\" class=\"e-font-icon-svg e-eicon-caret-down\" viewBox=\"0 0 571.4 571.4\" xmlns=\"http:\/\/www.w3.org\/2000\/svg\"><path d=\"M571 393Q571 407 561 418L311 668Q300 679 286 679T261 668L11 418Q0 407 0 393T11 368 36 357H536Q550 357 561 368T571 393Z\"><\/path><\/svg>\t\t\t<\/div>\n\t\t\t<select name=\"form_fields[field_548c415]\" id=\"form-field-field_548c415\" class=\"elementor-field-textual elementor-size-sm\" required=\"required\">\n\t\t\t\t\t\t\t\t\t<option value=\"DNI\">DNI<\/option>\n\t\t\t\t\t\t\t\t\t<option value=\"Pasaporte\">Pasaporte<\/option>\n\t\t\t\t\t\t\t<\/select>\n\t\t<\/div>\n\t\t\t\t\t\t<\/div>\n\t\t\t\t\t\t\t\t<div class=\"elementor-field-type-text elementor-field-group elementor-column elementor-field-group-field_3ed8fdb elementor-col-50 elementor-field-required elementor-mark-required\">\n\t\t\t\t\t\t\t\t\t\t\t\t<label for=\"form-field-field_3ed8fdb\" class=\"elementor-field-label\">\n\t\t\t\t\t\t\t\t N\u00famero de documento\t\t\t\t\t\t\t<\/label>\n\t\t\t\t\t\t\t\t\t\t\t\t\t\t<input size=\"1\" type=\"text\" name=\"form_fields[field_3ed8fdb]\" id=\"form-field-field_3ed8fdb\" class=\"elementor-field elementor-size-sm  elementor-field-textual\" required=\"required\">\n\t\t\t\t\t\t\t\t\t\t\t<\/div>\n\t\t\t\t\t\t\t\t<div class=\"elementor-field-type-text elementor-field-group elementor-column elementor-field-group-field_0e72d01 elementor-col-50 elementor-field-required elementor-mark-required\">\n\t\t\t\t\t\t\t\t\t\t\t\t<label for=\"form-field-field_0e72d01\" class=\"elementor-field-label\">\n\t\t\t\t\t\t\t\tTel\u00e9fono \/ Whatsapp\t\t\t\t\t\t\t<\/label>\n\t\t\t\t\t\t\t\t\t\t\t\t\t\t<input size=\"1\" type=\"text\" name=\"form_fields[field_0e72d01]\" id=\"form-field-field_0e72d01\" class=\"elementor-field elementor-size-sm  elementor-field-textual\" required=\"required\">\n\t\t\t\t\t\t\t\t\t\t\t<\/div>\n\t\t\t\t\t\t\t\t<div class=\"elementor-field-type-date elementor-field-group elementor-column elementor-field-group-field_2be676d elementor-col-50 elementor-field-required elementor-mark-required\">\n\t\t\t\t\t\t\t\t\t\t\t\t<label for=\"form-field-field_2be676d\" class=\"elementor-field-label\">\n\t\t\t\t\t\t\t\tFecha de nacimiento\t\t\t\t\t\t\t<\/label>\n\t\t\t\t\t\t\n\t\t<input type=\"date\" name=\"form_fields[field_2be676d]\" id=\"form-field-field_2be676d\" class=\"elementor-field elementor-size-sm  elementor-field-textual elementor-date-field\" required=\"required\" pattern=\"[0-9]{4}-[0-9]{2}-[0-9]{2}\">\n\t\t\t\t\t\t<\/div>\n\t\t\t\t\t\t\t\t<div class=\"elementor-field-type-select elementor-field-group elementor-column elementor-field-group-field_a28bd16 elementor-col-50 elementor-field-required elementor-mark-required\">\n\t\t\t\t\t\t\t\t\t\t\t\t<label for=\"form-field-field_a28bd16\" class=\"elementor-field-label\">\n\t\t\t\t\t\t\t\tEleg\u00ed tu workshop\t\t\t\t\t\t\t<\/label>\n\t\t\t\t\t\t\t\t<div class=\"elementor-field elementor-select-wrapper remove-before \">\n\t\t\t<div class=\"select-caret-down-wrapper\">\n\t\t\t\t<svg aria-hidden=\"true\" class=\"e-font-icon-svg e-eicon-caret-down\" viewBox=\"0 0 571.4 571.4\" xmlns=\"http:\/\/www.w3.org\/2000\/svg\"><path d=\"M571 393Q571 407 561 418L311 668Q300 679 286 679T261 668L11 418Q0 407 0 393T11 368 36 357H536Q550 357 561 368T571 393Z\"><\/path><\/svg>\t\t\t<\/div>\n\t\t\t<select name=\"form_fields[field_a28bd16]\" id=\"form-field-field_a28bd16\" class=\"elementor-field-textual elementor-size-sm\" required=\"required\">\n\t\t\t\t\t\t\t\t\t<option value=\"Otro (privado, a medida)\">Otro (privado, a medida)<\/option>\n\t\t\t\t\t\t\t\t\t<option value=\"Aventura 3 Punas\">Aventura 3 Punas<\/option>\n\t\t\t\t\t\t\t\t\t<option value=\"Carnaval de Humahuaca\">Carnaval de Humahuaca<\/option>\n\t\t\t\t\t\t\t\t\t<option value=\"El Para\u00edso de los Flamencos\">El Para\u00edso de los Flamencos<\/option>\n\t\t\t\t\t\t\t\t\t<option value=\"Estancia correntina\">Estancia correntina<\/option>\n\t\t\t\t\t\t\t\t\t<option value=\"Fiesta de la Tradici\u00f3n - Areco\">Fiesta de la Tradici\u00f3n - Areco<\/option>\n\t\t\t\t\t\t\t\t\t<option value=\"Gigantes del Oc\u00e9ano\">Gigantes del Oc\u00e9ano<\/option>\n\t\t\t\t\t\t\t\t\t<option value=\"Iber\u00e1 Salvaje\">Iber\u00e1 Salvaje<\/option>\n\t\t\t\t\t\t\t\t\t<option value=\"Or\u00edgenes de la Patagonia\">Or\u00edgenes de la Patagonia<\/option>\n\t\t\t\t\t\t\t\t\t<option value=\"Oto\u00f1o en Patagonia\">Oto\u00f1o en Patagonia<\/option>\n\t\t\t\t\t\t\t\t\t<option value=\"Per\u00fa Sagrado 2026\">Per\u00fa Sagrado 2026<\/option>\n\t\t\t\t\t\t\t\t\t<option value=\"Primavera en Patagonia\">Primavera en Patagonia<\/option>\n\t\t\t\t\t\t\t\t\t<option value=\"Pueblos de altura\">Pueblos de altura<\/option>\n\t\t\t\t\t\t\t\t\t<option value=\"Puna Experience: Catamarca\">Puna Experience: Catamarca<\/option>\n\t\t\t\t\t\t\t\t\t<option value=\"Salto del Agrio\">Salto del Agrio<\/option>\n\t\t\t\t\t\t\t<\/select>\n\t\t<\/div>\n\t\t\t\t\t\t<\/div>\n\t\t\t\t\t\t\t\t<div class=\"elementor-field-type-select elementor-field-group elementor-column elementor-field-group-field_20c0083 elementor-col-50\">\n\t\t\t\t\t\t\t\t\t\t\t\t<label for=\"form-field-field_20c0083\" class=\"elementor-field-label\">\n\t\t\t\t\t\t\t\tTu nivel de fotograf\u00eda\t\t\t\t\t\t\t<\/label>\n\t\t\t\t\t\t\t\t<div class=\"elementor-field elementor-select-wrapper remove-before \">\n\t\t\t<div class=\"select-caret-down-wrapper\">\n\t\t\t\t<svg aria-hidden=\"true\" class=\"e-font-icon-svg e-eicon-caret-down\" viewBox=\"0 0 571.4 571.4\" xmlns=\"http:\/\/www.w3.org\/2000\/svg\"><path d=\"M571 393Q571 407 561 418L311 668Q300 679 286 679T261 668L11 418Q0 407 0 393T11 368 36 357H536Q550 357 561 368T571 393Z\"><\/path><\/svg>\t\t\t<\/div>\n\t\t\t<select name=\"form_fields[field_20c0083]\" id=\"form-field-field_20c0083\" class=\"elementor-field-textual elementor-size-sm\">\n\t\t\t\t\t\t\t\t\t<option value=\"Principiante\">Principiante<\/option>\n\t\t\t\t\t\t\t\t\t<option value=\"Intermedio\">Intermedio<\/option>\n\t\t\t\t\t\t\t\t\t<option value=\"Avanzado\">Avanzado<\/option>\n\t\t\t\t\t\t\t<\/select>\n\t\t<\/div>\n\t\t\t\t\t\t<\/div>\n\t\t\t\t\t\t\t\t<div class=\"elementor-field-type-select elementor-field-group elementor-column elementor-field-group-field_dc35f0d elementor-col-100 elementor-field-required elementor-mark-required\">\n\t\t\t\t\t\t\t\t\t\t\t\t<label for=\"form-field-field_dc35f0d\" class=\"elementor-field-label\">\n\t\t\t\t\t\t\t\tTipo de Habitaci\u00f3n\t\t\t\t\t\t\t<\/label>\n\t\t\t\t\t\t\t\t<div class=\"elementor-field elementor-select-wrapper remove-before \">\n\t\t\t<div class=\"select-caret-down-wrapper\">\n\t\t\t\t<svg aria-hidden=\"true\" class=\"e-font-icon-svg e-eicon-caret-down\" viewBox=\"0 0 571.4 571.4\" xmlns=\"http:\/\/www.w3.org\/2000\/svg\"><path d=\"M571 393Q571 407 561 418L311 668Q300 679 286 679T261 668L11 418Q0 407 0 393T11 368 36 357H536Q550 357 561 368T571 393Z\"><\/path><\/svg>\t\t\t<\/div>\n\t\t\t<select name=\"form_fields[field_dc35f0d]\" id=\"form-field-field_dc35f0d\" class=\"elementor-field-textual elementor-size-sm\" required=\"required\">\n\t\t\t\t\t\t\t\t\t<option value=\"Single\">Single<\/option>\n\t\t\t\t\t\t\t\t\t<option value=\"Doble\">Doble<\/option>\n\t\t\t\t\t\t\t\t\t<option value=\"Triple\">Triple<\/option>\n\t\t\t\t\t\t\t\t\t<option value=\"Compartida\">Compartida<\/option>\n\t\t\t\t\t\t\t\t\t<option value=\"Me anoto en Single y si encuentran otra persona para compartir, me paso a doble\">Me anoto en Single y si encuentran otra persona para compartir, me paso a doble<\/option>\n\t\t\t\t\t\t\t<\/select>\n\t\t<\/div>\n\t\t\t\t\t\t<\/div>\n\t\t\t\t\t\t\t\t<div class=\"elementor-field-type-text elementor-field-group elementor-column elementor-field-group-field_93b0c63 elementor-col-100 elementor-field-required elementor-mark-required\">\n\t\t\t\t\t\t\t\t\t\t\t\t<label for=\"form-field-field_93b0c63\" class=\"elementor-field-label\">\n\t\t\t\t\t\t\t\tPor favor, describe tu nivel de forma f\u00edsica\t\t\t\t\t\t\t<\/label>\n\t\t\t\t\t\t\t\t\t\t\t\t\t\t<input size=\"1\" type=\"text\" name=\"form_fields[field_93b0c63]\" id=\"form-field-field_93b0c63\" class=\"elementor-field elementor-size-sm  elementor-field-textual\" required=\"required\">\n\t\t\t\t\t\t\t\t\t\t\t<\/div>\n\t\t\t\t\t\t\t\t<div class=\"elementor-field-type-text elementor-field-group elementor-column elementor-field-group-field_ef72fbb elementor-col-100 elementor-field-required elementor-mark-required\">\n\t\t\t\t\t\t\t\t\t\t\t\t<label for=\"form-field-field_ef72fbb\" class=\"elementor-field-label\">\n\t\t\t\t\t\t\t\tPor favor, indique cualquier restricci\u00f3n alimentaria y alergias\t\t\t\t\t\t\t<\/label>\n\t\t\t\t\t\t\t\t\t\t\t\t\t\t<input size=\"1\" type=\"text\" name=\"form_fields[field_ef72fbb]\" id=\"form-field-field_ef72fbb\" class=\"elementor-field elementor-size-sm  elementor-field-textual\" placeholder=\"Si no hay ninguna, escriba simplemente \u00abNO\u00bb.\" required=\"required\">\n\t\t\t\t\t\t\t\t\t\t\t<\/div>\n\t\t\t\t\t\t\t\t<div class=\"elementor-field-type-text elementor-field-group elementor-column elementor-field-group-field_c166086 elementor-col-100 elementor-field-required elementor-mark-required\">\n\t\t\t\t\t\t\t\t\t\t\t\t<label for=\"form-field-field_c166086\" class=\"elementor-field-label\">\n\t\t\t\t\t\t\t\tPor favor, indique cualquier condici\u00f3n m\u00e9dica\t\t\t\t\t\t\t<\/label>\n\t\t\t\t\t\t\t\t\t\t\t\t\t\t<input size=\"1\" type=\"text\" name=\"form_fields[field_c166086]\" id=\"form-field-field_c166086\" class=\"elementor-field elementor-size-sm  elementor-field-textual\" placeholder=\"Si no hay ninguna, escriba simplemente \u00abNO\u00bb.\" required=\"required\">\n\t\t\t\t\t\t\t\t\t\t\t<\/div>\n\t\t\t\t\t\t\t\t<div class=\"elementor-field-type-checkbox elementor-field-group elementor-column elementor-field-group-field_c166086 elementor-col-100\">\n\t\t\t\t\t\t\t\t\t\t\t\t<label for=\"form-field-field_c166086\" class=\"elementor-field-label\">\n\t\t\t\t\t\t\t\tHe le\u00eddo y acepto los t\u00e9rminos y condiciones \/ Pol\u00edtica de cancelaci\u00f3n \t\t\t\t\t\t\t<\/label>\n\t\t\t\t\t\t<div class=\"elementor-field-subgroup  \"><span class=\"elementor-field-option\"><input type=\"checkbox\" value=\"S\u00ed, acepto. (La reserva implica la aceptaci\u00f3n de nuestra &lt;a href=&quot;https:\/\/argentinaphotoworkshops.com\/es\/politica-cancelacion\/&quot; target=&quot;_blank&quot;&gt;Pol\u00edtica de Cancelaci\u00f3n&lt;\/a&gt; \/ &lt;a href=&quot;https:\/\/argentinaphotoworkshops.com\/es\/terminos-condiciones\/&quot; target=&quot;_blank&quot;&gt;T\u00e9rminos y Condiciones &lt;\/a&gt;)\" id=\"form-field-field_c166086-0\" name=\"form_fields[field_c166086]\"> <label for=\"form-field-field_c166086-0\">S\u00ed, acepto. (La reserva implica la aceptaci\u00f3n de nuestra <a href=\"https:\/\/argentinaphotoworkshops.com\/es\/politica-cancelacion\/\" target=\"_blank\">Pol\u00edtica de Cancelaci\u00f3n<\/a> \/ <a href=\"https:\/\/argentinaphotoworkshops.com\/es\/terminos-condiciones\/\" target=\"_blank\">T\u00e9rminos y Condiciones <\/a>)<\/label><\/span><\/div>\t\t\t\t<\/div>\n\t\t\t\t\t\t\t\t<div class=\"elementor-field-type-recaptcha_v3 elementor-field-group elementor-column elementor-field-group-field_22b474e elementor-col-100 recaptcha_v3-inline\">\n\t\t\t\t\t<div class=\"elementor-field\" id=\"form-field-field_22b474e\"><div class=\"elementor-g-recaptcha\" data-sitekey=\"6Lc101orAAAAABjJ7t4aOTsiMHkP-AcrVgQjK3gg\" data-type=\"v3\" data-action=\"Form\" data-badge=\"inline\" data-size=\"invisible\"><\/div><\/div>\t\t\t\t<\/div>\n\t\t\t\t\t\t\t\t<div class=\"elementor-field-group elementor-column elementor-field-type-submit elementor-col-100 e-form__buttons\">\n\t\t\t\t\t<button class=\"elementor-button elementor-size-md elementor-animation-buzz\" type=\"submit\">\n\t\t\t\t\t\t<span class=\"elementor-button-content-wrapper\">\n\t\t\t\t\t\t\t\t\t\t\t\t\t\t\t\t\t\t\t\t\t\t<span class=\"elementor-button-text\">Enviar<\/span>\n\t\t\t\t\t\t\t\t\t\t\t\t\t<\/span>\n\t\t\t\t\t<\/button>\n\t\t\t\t<\/div>\n\t\t\t<\/div>\n\t\t<\/form>\n\t\t\t\t\t\t<\/div>\n\t\t\t\t<\/div>\n\t\t\t\t<\/div>\n\t\t\t\t\t<\/div>\n\t\t\t\t<\/div>\n\t\t\t\t<\/div>\n\t\t","protected":false},"excerpt":{"rendered":"<p>Reserva uno de nuestros tours \/ workshops Realiza los siguientes pasos para reservar. M\u00e1s de 1 participante? Cada uno deber\u00e1 rellenar y enviar el formulario por separado. 1. Completa el formulario debajo con tus datos y preferencias: Tu nombre completo, domicilio y DNI, informaci\u00f3n de contacto y el workshop al que deseas suscribirte. En qu\u00e9 [&hellip;]<\/p>\n","protected":false},"author":1,"featured_media":0,"parent":0,"menu_order":0,"comment_status":"closed","ping_status":"closed","template":"","meta":{"_lmt_disableupdate":"","_lmt_disable":"","site-sidebar-layout":"no-sidebar","site-content-layout":"page-builder","ast-site-content-layout":"default","site-content-style":"default","site-sidebar-style":"default","ast-global-header-display":"","ast-banner-title-visibility":"","ast-main-header-display":"","ast-hfb-above-header-display":"","ast-hfb-below-header-display":"","ast-hfb-mobile-header-display":"","site-post-title":"disabled","ast-breadcrumbs-content":"","ast-featured-img":"disabled","footer-sml-layout":"","ast-disable-related-posts":"","theme-transparent-header-meta":"default","adv-header-id-meta":"","stick-header-meta":"","header-above-stick-meta":"","header-main-stick-meta":"","header-below-stick-meta":"","astra-migrate-meta-layouts":"default","ast-page-background-enabled":"default","ast-page-background-meta":{"desktop":{"background-color":"","background-image":"","background-repeat":"repeat","background-position":"center center","background-size":"auto","background-attachment":"scroll","background-type":"","background-media":"","overlay-type":"","overlay-color":"","overlay-opacity":"","overlay-gradient":""},"tablet":{"background-color":"","background-image":"","background-repeat":"repeat","background-position":"center center","background-size":"auto","background-attachment":"scroll","background-type":"","background-media":"","overlay-type":"","overlay-color":"","overlay-opacity":"","overlay-gradient":""},"mobile":{"background-color":"","background-image":"","background-repeat":"repeat","background-position":"center center","background-size":"auto","background-attachment":"scroll","background-type":"","background-media":"","overlay-type":"","overlay-color":"","overlay-opacity":"","overlay-gradient":""}},"ast-content-background-meta":{"desktop":{"background-color":"var(--ast-global-color-5)","background-image":"","background-repeat":"repeat","background-position":"center center","background-size":"auto","background-attachment":"scroll","background-type":"","background-media":"","overlay-type":"","overlay-color":"","overlay-opacity":"","overlay-gradient":""},"tablet":{"background-color":"var(--ast-global-color-5)","background-image":"","background-repeat":"repeat","background-position":"center center","background-size":"auto","background-attachment":"scroll","background-type":"","background-media":"","overlay-type":"","overlay-color":"","overlay-opacity":"","overlay-gradient":""},"mobile":{"background-color":"var(--ast-global-color-5)","background-image":"","background-repeat":"repeat","background-position":"center center","background-size":"auto","background-attachment":"scroll","background-type":"","background-media":"","overlay-type":"","overlay-color":"","overlay-opacity":"","overlay-gradient":""}},"footnotes":""},"class_list":["post-3072","page","type-page","status-publish","hentry"],"_links":{"self":[{"href":"https:\/\/argentinaphotoworkshops.com\/es\/wp-json\/wp\/v2\/pages\/3072","targetHints":{"allow":["GET"]}}],"collection":[{"href":"https:\/\/argentinaphotoworkshops.com\/es\/wp-json\/wp\/v2\/pages"}],"about":[{"href":"https:\/\/argentinaphotoworkshops.com\/es\/wp-json\/wp\/v2\/types\/page"}],"author":[{"embeddable":true,"href":"https:\/\/argentinaphotoworkshops.com\/es\/wp-json\/wp\/v2\/users\/1"}],"replies":[{"embeddable":true,"href":"https:\/\/argentinaphotoworkshops.com\/es\/wp-json\/wp\/v2\/comments?post=3072"}],"version-history":[{"count":0,"href":"https:\/\/argentinaphotoworkshops.com\/es\/wp-json\/wp\/v2\/pages\/3072\/revisions"}],"wp:attachment":[{"href":"https:\/\/argentinaphotoworkshops.com\/es\/wp-json\/wp\/v2\/media?parent=3072"}],"curies":[{"name":"wp","href":"https:\/\/api.w.org\/{rel}","templated":true}]}}